{"id":1678,"date":"2018-11-30T08:47:11","date_gmt":"2018-11-30T08:47:11","guid":{"rendered":"http:\/\/www.comforsa.com\/?page_id=1678"},"modified":"2023-05-16T15:08:06","modified_gmt":"2023-05-16T15:08:06","slug":"casos-dexit","status":"publish","type":"page","link":"https:\/\/www.comforsa.com\/es\/casos-dexit\/","title":{"rendered":"Casos de \u00e9xito"},"content":{"rendered":"<p>[et_pb_section bb_built=\u00bb1&#8243; custom_padding_last_edited=\u00bbon|phone\u00bb _builder_version=\u00bb3.5.1&#8243; background_image=\u00bbhttp:\/\/www.comforsa.com\/wp-content\/uploads\/2018\/06\/casosExitt.jpg\u00bb custom_padding=\u00bb111px|0px|189px|0px|false|false\u00bb custom_padding_phone=\u00bb100px||100px|\u00bb next_background_color=\u00bb#ffffff\u00bb][et_pb_row _builder_version=\u00bb3.5.1&#8243;][et_pb_column type=\u00bb4_4&#8243;][et_pb_text _builder_version=\u00bb3.5.1&#8243;]<\/p>\n<p style=\"text-align: center;\"><span style=\"display: inline-block; font-size: 48px; font-weight: 300; padding: 30px 30px; background-color: white; color: red;\">Casos de \u00e9xito<\/span><\/p>\n<p>[\/et_pb_text][\/et_pb_column][\/et_pb_row][\/et_pb_section][et_pb_section bb_built=\u00bb1&#8243; custom_padding_last_edited=\u00bbon|phone\u00bb _builder_version=\u00bb3.5.1&#8243; custom_padding=\u00bb48px|126px|18px|126px|false|false\u00bb custom_padding_phone=\u00bb|0px||0px\u00bb prev_background_color=\u00bb#000000&#8243; next_background_color=\u00bb#000000&#8243;][et_pb_row custom_padding=\u00bb18.9583px|0px|62px|0|false|false\u00bb _builder_version=\u00bb3.5.1&#8243; background_size=\u00bbinitial\u00bb background_position=\u00bbtop_left\u00bb background_repeat=\u00bbrepeat\u00bb border_width_bottom=\u00bb1px\u00bb border_color_bottom=\u00bb#e02b20&#8243;][et_pb_column type=\u00bb4_4&#8243;][et_pb_text _builder_version=\u00bb3.5.1&#8243; custom_padding=\u00bb|||\u00bb]<\/p>\n<h1 style=\"text-align: center;\">Advancing forging solutions<\/h1>\n<p style=\"text-align: center; font-size: 24px;\">Comforsa lidera el mercado internacional a trav\u00e9s de productos gracias a su compromiso por la innovaci\u00f3n tecnol\u00f3gica con un fuerte componente de dise\u00f1o. El objetivo de esta secci\u00f3n es hacer difusi\u00f3n de aquellas experiencias exitosas tanto desde la perspectiva productiva como de la gesti\u00f3n del \u00e1mbito de la ingenier\u00eda para promover el conocimiento, la innovaci\u00f3n y la mejora continua de la compa\u00f1\u00eda.<\/p>\n<p>[\/et_pb_text][\/et_pb_column][\/et_pb_row][\/et_pb_section][et_pb_section bb_built=\u00bb1&#8243; custom_padding_last_edited=\u00bbon|phone\u00bb _builder_version=\u00bb3.5.1&#8243; custom_padding=\u00bb48px|126px|48px|126px|false|false\u00bb custom_padding_phone=\u00bb|0px||0px\u00bb prev_background_color=\u00bb#000000&#8243; next_background_color=\u00bb#000000&#8243;][et_pb_row _builder_version=\u00bb3.5.1&#8243;][et_pb_column type=\u00bb4_4&#8243;][et_pb_text _builder_version=\u00bb3.5.1&#8243;]<\/p>\n<h1 style=\"text-align: left;\">El caso de Caterpillar<\/h1>\n<p style=\"text-align: left;\">Carterpillar, l\u00edder mundial en la fabricaci\u00f3n de veh\u00edculos de gran tonelaje para obras p\u00fablicas, es uno de los clientes internacionales con los que Comforsa tiene v\u00ednculos comerciales desde hace m\u00e1s tiempo. Comforsa es uno de los principales forjadores internacionales de mallas (links) por cadenas de tracci\u00f3n de los veh\u00edculos (excavadoras, gr\u00faas\u2026) del grupo americano y goza de la Categor\u00eda Plata como proveedor.<\/p>\n<p>[\/et_pb_text][\/et_pb_column][\/et_pb_row][et_pb_row custom_padding=\u00bb|||\u00bb _builder_version=\u00bb3.5.1&#8243;][et_pb_column type=\u00bb4_4&#8243;][et_pb_image src=\u00bbhttp:\/\/www.comforsa.com\/wp-content\/uploads\/2018\/09\/CasosExit2.jpg\u00bb _builder_version=\u00bb3.5.1&#8243; filter_opacity=\u00bb42%\u00bb \/][et_pb_text _builder_version=\u00bb3.5.1&#8243; animation_style=\u00bbslide\u00bb]<\/p>\n<p style=\"text-align: right;\"><img loading=\"lazy\" decoding=\"async\" class=\"wp-image-311 alignnone size-full\" style=\"margin-top: -110px; margin-right: 20px;\" src=\"http:\/\/www.comforsa.com\/wp-content\/uploads\/2018\/06\/CasosExit1.png\" alt=\"\" width=\"400\" height=\"264\" \/><\/p>\n<p>[\/et_pb_text][\/et_pb_column][\/et_pb_row][et_pb_row custom_padding=\u00bb18.9583px|0px|108px|0px|false|false\u00bb _builder_version=\u00bb3.5.1&#8243; border_width_bottom=\u00bb1px\u00bb border_color_bottom=\u00bb#e02b20&#8243;][et_pb_column type=\u00bb4_4&#8243;][et_pb_text _builder_version=\u00bb3.5.1&#8243;]<\/p>\n<p>Las mallas son esenciales para la fabricaci\u00f3n de las cadenas de tracci\u00f3n de las excavadoras y tractores, ya que son partes sujetas a fuertes tensiones mec\u00e1nicas.<\/p>\n<h4 style=\"color: red;\">Los departamentos t\u00e9cnicos de Comforsa i Caterpillar han trabajado conjuntamente en la coingenier\u00eda de estas piezas para mejorarlas t\u00e9cnicamente mediante un desarrollo continuo y, paso a paso, para perfeccionar los procesos de dise\u00f1o y fabricaci\u00f3n.<\/h4>\n<p style=\"text-align: left;\">Dentro de este proceso, Comforsa ha conseguido reducir las tolerancias de forja al umbral que se denomina Net Forging. Estas tolerancias se han reducido de \u00b1 0.5 mm a \u00b1 0.1755 mm. Este es un importante paso hacia delante, ya que estas bajas tolerancias permiten a nuestros clientes prescindir de mecanizar partes enteras de las mallas, con los ahorros financieros que esto comporta. Adem\u00e1s, y dentro del mismo proyecto, los t\u00e9cnicos de Comforsa han incrementado el rendimiento de estas mallas en un 20% comparado con las mallas convencionales.<\/p>\n<p>Comforsa cuenta con un potente e innovador departamento t\u00e9cnico i d\u2019I+D que siempre est\u00e1 orientado al cliente y est\u00e1 preparado para desarrollar proyectos de coingenier\u00eda para alcanzar la excelencia t\u00e9cnica y un producto que sea \u00f3ptimo en t\u00e9rminos de calidad y coste.<\/p>\n<p>[\/et_pb_text][\/et_pb_column][\/et_pb_row][\/et_pb_section][et_pb_section bb_built=\u00bb1&#8243; custom_padding_last_edited=\u00bbon|phone\u00bb _builder_version=\u00bb3.5.1&#8243; custom_padding=\u00bb0|126px|0|126px|false|false\u00bb custom_padding_phone=\u00bb|0px||0px\u00bb prev_background_color=\u00bb#000000&#8243; next_background_color=\u00bb#000000&#8243;][et_pb_row _builder_version=\u00bb3.5.1&#8243;][et_pb_column type=\u00bb4_4&#8243;][et_pb_text _builder_version=\u00bb3.5.1&#8243;]<\/p>\n<h1 style=\"text-align: left;\">El caso de Meritor<\/h1>\n<p style=\"text-align: left;\">Meritor es un proveedor global de soluciones de ejes, frenos i suspensiones para fabricantes de equipos originales y accessorios para el transport y el sector industrial. Meritor presta servicios y productos a fabricantes de maquinaria de camiones comerciales, remolques, autobuses y tambi\u00e9n maquinaria de defensa.<\/p>\n<p>[\/et_pb_text][\/et_pb_column][\/et_pb_row][et_pb_row custom_padding=\u00bb|||\u00bb _builder_version=\u00bb3.5.1&#8243;][et_pb_column type=\u00bb4_4&#8243;][et_pb_image src=\u00bbhttp:\/\/www.comforsa.com\/wp-content\/uploads\/2018\/10\/CasosExit2meritor.jpg\u00bb _builder_version=\u00bb3.5.1&#8243; filter_opacity=\u00bb42%\u00bb \/][et_pb_text _builder_version=\u00bb3.5.1&#8243;]<\/p>\n<p style=\"text-align: right;\"><img decoding=\"async\" class=\"wp-image-311 alignnone size-full\" style=\"margin-top: -110px; margin-right: 20px;\" src=\"\/wp-content\/uploads\/2018\/10\/CasosExit2.png\" alt=\"\" width=\"400\" \/><\/p>\n<p>[\/et_pb_text][\/et_pb_column][\/et_pb_row][et_pb_row custom_padding=\u00bb18.9583px|0px|76px|0px|false|false\u00bb _builder_version=\u00bb3.5.1&#8243; border_width_bottom=\u00bb1px\u00bb border_color_bottom=\u00bb#e02b20&#8243;][et_pb_column type=\u00bb4_4&#8243;][et_pb_text _builder_version=\u00bb3.5.1&#8243;]<\/p>\n<p>En este caso, Comforsa assume la mayor parte de producci\u00f3n de uno de los productos de mayor volumen: las cajas diferenciales (diffcases).<\/p>\n<h4 style=\"color: red;\">Despu\u00e9s de una estrecha colaboraci\u00f3n entre el Departamento T\u00e9cnico de Meritor y el Departamento de Investigaci\u00f3n i de Desarrollo de Comforsa, se ha conseguido desarrollar una nueva forja para optimizar la lubrificaci\u00f3n entre los diversos elementos que forman la caja diferencial, como engranajes y ejes como el palier.<\/h4>\n<p style=\"text-align: left;\">Esta nueva t\u00e9cnica mejora la durabilidad i el funcionamento de todos los elementos que componen el interior de la caja diferencial. Al mismo tiempo, tambi\u00e9n se ha conseguido una mejora considerable en la eliminaci\u00f3n de residuos.<\/p>\n<p>[\/et_pb_text][\/et_pb_column][\/et_pb_row][\/et_pb_section][et_pb_section bb_built=\u00bb1&#8243; custom_padding_last_edited=\u00bbon|phone\u00bb _builder_version=\u00bb3.5.1&#8243; custom_padding=\u00bb48px|126px|0|126px|false|false\u00bb custom_padding_phone=\u00bb|0px||0px\u00bb prev_background_color=\u00bb#000000&#8243; next_background_color=\u00bbrgba(255,255,255,0.22)\u00bb][et_pb_row _builder_version=\u00bb3.5.1&#8243;][et_pb_column type=\u00bb4_4&#8243;][et_pb_text _builder_version=\u00bb3.5.1&#8243;]<\/p>\n<h1 style=\"text-align: left;\">El caso de Schmitz Cargobull<\/h1>\n<p style=\"text-align: left;\">El fabricante alem\u00e1n Schmitz Cargobull es uno de los proveedores m\u00e1s destacados de remolques para camiones en el sector de veh\u00edculos comerciales. Es una empresa puntera, l\u00edder del mercado europeo y subministrador de las primeras marcas mundiales de veh\u00edculos comerciales.<\/p>\n<p>[\/et_pb_text][\/et_pb_column][\/et_pb_row][et_pb_row custom_padding=\u00bb|||\u00bb _builder_version=\u00bb3.5.1&#8243;][et_pb_column type=\u00bb4_4&#8243;][et_pb_image src=\u00bbhttp:\/\/www.comforsa.com\/wp-content\/uploads\/2018\/10\/CasosExit3.jpg\u00bb _builder_version=\u00bb3.5.1&#8243; filter_opacity=\u00bb42%\u00bb \/][et_pb_text _builder_version=\u00bb3.5.1&#8243;]<\/p>\n<p style=\"text-align: right;\"><img decoding=\"async\" class=\"wp-image-311 alignnone size-full\" style=\"margin-top: -110px; margin-right: 20px;\" src=\"\/wp-content\/uploads\/2018\/10\/CasosExit3.png\" alt=\"\" width=\"380\" \/><\/p>\n<p>[\/et_pb_text][\/et_pb_column][\/et_pb_row][et_pb_row custom_padding=\u00bb18.9583px|0px|76px|0px|false|false\u00bb _builder_version=\u00bb3.5.1&#8243;][et_pb_column type=\u00bb4_4&#8243;][et_pb_text _builder_version=\u00bb3.5.1&#8243;]<\/p>\n<h4 style=\"color: red;\">Los departamentos t\u00e9cnicos de las dos empresas trabajaron conjuntamente mediante la coingenier\u00eda para conseguir el dise\u00f1o y la elaboraci\u00f3n \u00f3ptima de un producto de gran volumen como es el Spindle-Spider: un componente del tren de rodaje.<\/h4>\n<p style=\"text-align: left;\">La mejora de este producto se basa en dise\u00f1ar y fabricar componentes de m\u00e1xima calidad (ejes, rodamientos, trenes y discos de freno, amortiguadores y suspensiones neum\u00e1ticas) para que encajen perfectamente y as\u00ed optimizar su funcionamiento. Nuestro dise\u00f1o tambi\u00e9n permite una mejor refrigeraci\u00f3n de los discos de freno gracias a un sistema innovador de ventilaci\u00f3n, que se consigue:<\/p>\n<ul>\n<li style=\"text-align: left;\">Menores temperaturas en el rodamiento de rueda<\/li>\n<li style=\"text-align: left;\">Desgaste uniforme de las pastillas de freno<\/li>\n<li style=\"text-align: left;\">F\u00e1cil cambio de disco de freno sin extracci\u00f3n del rodamiento<\/li>\n<li style=\"text-align: left;\">Riesgo minimizado de accidentes gracias al equipamento de serie del RSP (Roll-Stability Program)<\/li>\n<li style=\"text-align: left;\">Menor peso propio<\/li>\n<li style=\"text-align: left;\">Disponibilidad permanente de cualquier pieza de recambio<\/li>\n<\/ul>\n<p>El tren de rodaje \u201crotos\u201d se puede utilizar en veh\u00edculos de furg\u00f3n, semiremolques, portacontenedores, semiremolques de lona y de plataforma, basculantes, remolques con chasis intercambiables, chasis intercambiables con ejes centrales, entre d\u2019altres.<\/p>\n<p>[\/et_pb_text][\/et_pb_column][\/et_pb_row][\/et_pb_section][et_pb_section bb_built=\u00bb1&#8243; _builder_version=\u00bb3.5.1&#8243; background_color=\u00bbrgba(255,255,255,0.22)\u00bb custom_padding=\u00bb50px|0px|0|0px|false|false\u00bb prev_background_color=\u00bb#ffffff\u00bb][et_pb_row custom_padding=\u00bb25.0521px|0px|21px|0px|false|false\u00bb _builder_version=\u00bb3.5.1&#8243;][et_pb_column type=\u00bb4_4&#8243;][et_pb_text _builder_version=\u00bb3.5.1&#8243;]<\/p>\n<h1 style=\"text-align: center;\">Te puede interesar<\/h1>\n<p>[\/et_pb_text][\/et_pb_column][\/et_pb_row][et_pb_row make_fullwidth=\u00bbon\u00bb use_custom_gutter=\u00bbon\u00bb custom_padding=\u00bb150px|0px|150px|0px|false|false\u00bb make_equal=\u00bbon\u00bb custom_padding_last_edited=\u00bbon|phone\u00bb bg_img_2=\u00bbhttp:\/\/www.comforsa.com\/wp-content\/uploads\/2018\/06\/espresso.jpg\u00bb background_repeat_1=\u00bbno-repeat\u00bb padding_top_2=\u00bb100px\u00bb padding_bottom_2=\u00bb100px\u00bb padding_1_last_edited=\u00bboff|desktop\u00bb module_class=\u00bbesproduccio\u00bb _builder_version=\u00bb3.5.1&#8243; background_image=\u00bbhttp:\/\/www.comforsa.com\/wp-content\/uploads\/2018\/07\/HeaderProces-productiu.jpg\u00bb custom_css_main_element=\u00bbcursor:pointer;\u00bb][et_pb_column type=\u00bb4_4&#8243;][et_pb_text _builder_version=\u00bb3.5.1&#8243; text_text_color=\u00bb#ffffff\u00bb header_font=\u00bbWork Sans|300|||||||\u00bb header_text_color=\u00bb#ffffff\u00bb header_font_size=\u00bb48px\u00bb text_orientation=\u00bbcenter\u00bb background_layout=\u00bbdark\u00bb max_width=\u00bb74%\u00bb module_alignment=\u00bbcenter\u00bb custom_padding=\u00bb|||\u00bb]<\/p>\n<p><span style=\"text-align: center; background-color: rgba(0,0,0,0.7); display: inline-block; padding: 20px 40px; font-size: 48px; font-weight: 300; line-height: 1;\"><a href=\"http:\/\/www.comforsa.com\/es\/sectores-productivos\/\">Sectores productivos<\/a><\/span><\/p>\n<p>[\/et_pb_text][\/et_pb_column][\/et_pb_row][\/et_pb_section]<\/p>\n","protected":false},"excerpt":{"rendered":"<p>Casos de \u00e9xito Advancing forging solutions Comforsa lidera el mercado internacional a trav\u00e9s de productos gracias a su compromiso por la innovaci\u00f3n tecnol\u00f3gica con un fuerte componente de dise\u00f1o. El objetivo de esta secci\u00f3n es hacer difusi\u00f3n de aquellas experiencias exitosas tanto desde la perspectiva productiva como de la gesti\u00f3n del \u00e1mbito de la ingenier\u00eda [&hellip;]<\/p>\n","protected":false},"author":1,"featured_media":0,"parent":0,"menu_order":0,"comment_status":"closed","ping_status":"closed","template":"","meta":{"_et_pb_use_builder":"on","_et_pb_old_content":"","_et_gb_content_width":"","footnotes":""},"class_list":["post-1678","page","type-page","status-publish","hentry"],"_links":{"self":[{"href":"https:\/\/www.comforsa.com\/es\/wp-json\/wp\/v2\/pages\/1678","targetHints":{"allow":["GET"]}}],"collection":[{"href":"https:\/\/www.comforsa.com\/es\/wp-json\/wp\/v2\/pages"}],"about":[{"href":"https:\/\/www.comforsa.com\/es\/wp-json\/wp\/v2\/types\/page"}],"author":[{"embeddable":true,"href":"https:\/\/www.comforsa.com\/es\/wp-json\/wp\/v2\/users\/1"}],"replies":[{"embeddable":true,"href":"https:\/\/www.comforsa.com\/es\/wp-json\/wp\/v2\/comments?post=1678"}],"version-history":[{"count":9,"href":"https:\/\/www.comforsa.com\/es\/wp-json\/wp\/v2\/pages\/1678\/revisions"}],"predecessor-version":[{"id":4653,"href":"https:\/\/www.comforsa.com\/es\/wp-json\/wp\/v2\/pages\/1678\/revisions\/4653"}],"wp:attachment":[{"href":"https:\/\/www.comforsa.com\/es\/wp-json\/wp\/v2\/media?parent=1678"}],"curies":[{"name":"wp","href":"https:\/\/api.w.org\/{rel}","templated":true}]}}