{"id":1697,"date":"2018-11-30T09:39:03","date_gmt":"2018-11-30T09:39:03","guid":{"rendered":"http:\/\/www.comforsa.com\/?page_id=1697"},"modified":"2023-07-25T14:53:07","modified_gmt":"2023-07-25T14:53:07","slug":"que-decimos","status":"publish","type":"page","link":"https:\/\/www.comforsa.com\/es\/que-decimos\/","title":{"rendered":"\u00bfQu\u00e9 decimos?"},"content":{"rendered":"<p>[et_pb_section bb_built=\u00bb1&#8243; _builder_version=\u00bb3.5.1&#8243; background_image=\u00bbhttp:\/\/www.comforsa.com\/wp-content\/uploads\/2018\/07\/footer-QueDiem.jpg\u00bb custom_margin=\u00bb0px|||\u00bb custom_margin_phone=\u00bb50px|||\u00bb custom_margin_last_edited=\u00bbon|desktop\u00bb custom_padding=\u00bb0px|0px|129px|0px\u00bb next_background_color=\u00bb#ffffff\u00bb][et_pb_row use_custom_width=\u00bbon\u00bb custom_width_px=\u00bb450px\u00bb custom_margin=\u00bb|||\u00bb _builder_version=\u00bb3.5.1&#8243; background_size=\u00bbinitial\u00bb background_position=\u00bbtop_left\u00bb background_repeat=\u00bbrepeat\u00bb module_alignment=\u00bbcenter\u00bb][et_pb_column type=\u00bb4_4&#8243;][et_pb_text _builder_version=\u00bb3.5.1&#8243; text_line_height=\u00bb1.2em\u00bb background_color=\u00bb#ffffff\u00bb border_radii=\u00bb||||\u00bb max_width=\u00bb96%\u00bb custom_margin=\u00bb|||\u00bb custom_padding=\u00bb5%|5%||5%\u00bb]<\/p>\n<h1 style=\"text-align: center;\">\u00bfQu\u00e9 decimos?<\/h1>\n<p>[\/et_pb_text][\/et_pb_column][\/et_pb_row][\/et_pb_section][et_pb_section bb_built=\u00bb1&#8243; custom_padding_last_edited=\u00bbon|phone\u00bb _builder_version=\u00bb3.5.1&#8243; custom_padding=\u00bb48px|126px|0|126px|false|false\u00bb custom_padding_phone=\u00bb15px|5px||5px\u00bb prev_background_color=\u00bb#000000&#8243; next_background_color=\u00bb#000000&#8243;][et_pb_row custom_padding=\u00bb18.9583px|0px|17px|0|false|false\u00bb _builder_version=\u00bb3.5.1&#8243; background_size=\u00bbinitial\u00bb background_position=\u00bbtop_left\u00bb background_repeat=\u00bbrepeat\u00bb][et_pb_column type=\u00bb4_4&#8243;][et_pb_text _builder_version=\u00bb3.5.1&#8243; custom_padding=\u00bb|||\u00bb]<\/p>\n<p style=\"text-align: center; font-size: 24px;\">Aqu\u00ed encontrar\u00e9is toda la informaci\u00f3n sobre la actualidad de Comforsa, as\u00ed como materiales y recursos informativos propios.<\/p>\n<p>[\/et_pb_text][\/et_pb_column][\/et_pb_row][\/et_pb_section][et_pb_section bb_built=\u00bb1&#8243; _builder_version=\u00bb3.5.1&#8243; custom_padding=\u00bb0|0px|9px|0px|false|false\u00bb prev_background_color=\u00bb#000000&#8243; next_background_color=\u00bb#000000&#8243;][et_pb_row padding_right_1=\u00bb40%\u00bb padding_left_1=\u00bb40%\u00bb padding_1_phone=\u00bb|20%||20%\u00bb padding_1_last_edited=\u00bbon|phone\u00bb _builder_version=\u00bb3.5.1&#8243;][et_pb_column type=\u00bb4_4&#8243;][et_pb_search exclude_pages=\u00bbon\u00bb exclude_posts=\u00bboff\u00bb show_button=\u00bboff\u00bb placeholder=\u00bbBusca\u00bb _builder_version=\u00bb3.5.1&#8243; input_font=\u00bbWork Sans||||||||\u00bb input_text_color=\u00bb#ff0000&#8243; input_font_size=\u00bb18px\u00bb button_font=\u00bbWork Sans||||||||\u00bb button_font_size=\u00bb18px\u00bb background_size=\u00bbcontain\u00bb background_position=\u00bbtop_right\u00bb border_radii=\u00bbon|0px|0px|0px|0px\u00bb border_color_all=\u00bb#ff0000&#8243; module_alignment=\u00bbleft\u00bb custom_padding=\u00bb|25%||\u00bb \/][\/et_pb_column][\/et_pb_row][\/et_pb_section][et_pb_section bb_built=\u00bb1&#8243; _builder_version=\u00bb3.5.1&#8243; custom_padding=\u00bb0|0px|5px|0px|false|false\u00bb prev_background_color=\u00bb#000000&#8243; next_background_color=\u00bbrgba(255,255,255,0.22)\u00bb][et_pb_row _builder_version=\u00bb3.5.1&#8243;][et_pb_column type=\u00bb4_4&#8243;][et_pb_blog posts_number=\u00bb5&#8243; include_categories=\u00bb67&#8243; show_more=\u00bbon\u00bb show_author=\u00bboff\u00bb _builder_version=\u00bb3.5.1&#8243; \/][\/et_pb_column][\/et_pb_row][\/et_pb_section][et_pb_section bb_built=\u00bb1&#8243; _builder_version=\u00bb3.5.1&#8243; background_color=\u00bbrgba(255,255,255,0.22)\u00bb custom_padding=\u00bb0|0px|0|0px|false|false\u00bb prev_background_color=\u00bb#ffffff\u00bb][et_pb_row custom_padding=\u00bb25.0521px|0px|21px|0px|false|false\u00bb _builder_version=\u00bb3.5.1&#8243;][et_pb_column type=\u00bb4_4&#8243;][et_pb_text _builder_version=\u00bb3.5.1&#8243;]<\/p>\n<h1 style=\"text-align: center;\">Te puede interesar<\/h1>\n<p>[\/et_pb_text][\/et_pb_column][\/et_pb_row][et_pb_row make_fullwidth=\u00bbon\u00bb use_custom_gutter=\u00bbon\u00bb custom_padding=\u00bb150px|0px|150px|0px|false|false\u00bb make_equal=\u00bbon\u00bb custom_padding_last_edited=\u00bbon|desktop\u00bb bg_img_2=\u00bbhttp:\/\/www.comforsa.com\/wp-content\/uploads\/2018\/06\/espresso.jpg\u00bb background_repeat_1=\u00bbno-repeat\u00bb padding_top_2=\u00bb100px\u00bb padding_bottom_2=\u00bb100px\u00bb padding_1_last_edited=\u00bboff|desktop\u00bb module_class=\u00bbesquediuen\u00bb _builder_version=\u00bb3.5.1&#8243; background_image=\u00bbhttp:\/\/www.comforsa.com\/wp-content\/uploads\/2018\/07\/footerQuediuen.jpg\u00bb custom_css_main_element=\u00bbcursor:pointer;\u00bb][et_pb_column type=\u00bb4_4&#8243;][et_pb_text _builder_version=\u00bb3.5.1&#8243; text_text_color=\u00bb#ffffff\u00bb header_font=\u00bbWork Sans|300|||||||\u00bb header_text_color=\u00bb#ffffff\u00bb header_font_size=\u00bb48px\u00bb text_orientation=\u00bbcenter\u00bb background_layout=\u00bbdark\u00bb max_width=\u00bb80%\u00bb module_alignment=\u00bbcenter\u00bb custom_padding=\u00bb|||\u00bb]<\/p>\n<p><span style=\"text-align: center; background-color: rgba(0,0,0,0.7); display: inline-block; padding: 20px 40px; font-size: 48px; font-weight: 300; line-height: 1;\"><a href=\"http:\/\/www.comforsa.com\/es\/que-dicen\/\">\u00bfQu\u00e9 dicen?<\/a><\/span><\/p>\n<p>[\/et_pb_text][\/et_pb_column][\/et_pb_row][\/et_pb_section]<\/p>\n","protected":false},"excerpt":{"rendered":"<p>\u00bfQu\u00e9 decimos? Aqu\u00ed encontrar\u00e9is toda la informaci\u00f3n sobre la actualidad de Comforsa, as\u00ed como materiales y recursos informativos propios. Te puede interesar \u00bfQu\u00e9 dicen?<\/p>\n","protected":false},"author":1,"featured_media":0,"parent":0,"menu_order":0,"comment_status":"closed","ping_status":"closed","template":"","meta":{"_et_pb_use_builder":"on","_et_pb_old_content":"","_et_gb_content_width":"","footnotes":""},"class_list":["post-1697","page","type-page","status-publish","hentry"],"_links":{"self":[{"href":"https:\/\/www.comforsa.com\/es\/wp-json\/wp\/v2\/pages\/1697","targetHints":{"allow":["GET"]}}],"collection":[{"href":"https:\/\/www.comforsa.com\/es\/wp-json\/wp\/v2\/pages"}],"about":[{"href":"https:\/\/www.comforsa.com\/es\/wp-json\/wp\/v2\/types\/page"}],"author":[{"embeddable":true,"href":"https:\/\/www.comforsa.com\/es\/wp-json\/wp\/v2\/users\/1"}],"replies":[{"embeddable":true,"href":"https:\/\/www.comforsa.com\/es\/wp-json\/wp\/v2\/comments?post=1697"}],"version-history":[{"count":7,"href":"https:\/\/www.comforsa.com\/es\/wp-json\/wp\/v2\/pages\/1697\/revisions"}],"predecessor-version":[{"id":4887,"href":"https:\/\/www.comforsa.com\/es\/wp-json\/wp\/v2\/pages\/1697\/revisions\/4887"}],"wp:attachment":[{"href":"https:\/\/www.comforsa.com\/es\/wp-json\/wp\/v2\/media?parent=1697"}],"curies":[{"name":"wp","href":"https:\/\/api.w.org\/{rel}","templated":true}]}}