{"id":3528,"date":"2020-07-10T07:09:50","date_gmt":"2020-07-10T07:09:50","guid":{"rendered":"http:\/\/www.comforsa.com\/mes-informacio-covid-19\/"},"modified":"2020-08-27T12:53:23","modified_gmt":"2020-08-27T12:53:23","slug":"mas-informacion-covid-19","status":"publish","type":"page","link":"https:\/\/www.comforsa.com\/es\/mas-informacion-covid-19\/","title":{"rendered":"M\u00e1s informaci\u00f3n COVID-19"},"content":{"rendered":"<p>[et_pb_section fb_built=\u00bb1&#8243; custom_padding_last_edited=\u00bbon|phone\u00bb _builder_version=\u00bb3.5.1&#8243; custom_padding=\u00bb48px|126px|3px|126px|false|false\u00bb custom_padding_phone=\u00bb5px|0px||0px\u00bb][et_pb_row _builder_version=\u00bb3.5.1&#8243;][et_pb_column type=\u00bb4_4&#8243; _builder_version=\u00bb3.0.47&#8243; parallax=\u00bboff\u00bb parallax_method=\u00bbon\u00bb][et_pb_text _builder_version=\u00bb3.5.1&#8243;]<\/p>\n<p>&nbsp;<\/p>\n<h1 style=\"text-align: center;\">M\u00e1s informaci\u00f3n COVID-19<\/h1>\n<p>Durante todo el tiempo de la pandemia, <strong>desde Comforsa ha estado trabajando para la seguridad de todas las personas trabajadoras de la empresa<\/strong> y, con este objetivo, se han llevado a cabo diferentes acciones, desde elaborar un Plan de contingencia, hasta facilitar informaci\u00f3n y formaci\u00f3n al respecto. A continuaci\u00f3n, se detalla toda la documentaci\u00f3n que se ha elaborado:<\/p>\n<ul>\n<li style=\"text-align: left;\">Avaluaci\u00f3n de riesgos y Plan de contingencia COMFORSA.\n<ul>\n<li><a href=\"http:\/\/www.comforsa.com\/wp-content\/uploads\/2020\/07\/202003Avaluaci\u00f3-de-Riscos-COVID19.pdf\" target=\"_blank\" rel=\"noopener\">Avaluaci\u00f3n de Riesgos COVID19<\/a><\/li>\n<li><a href=\"http:\/\/www.comforsa.com\/wp-content\/uploads\/2020\/07\/202004Pla-de-Conting\u00e8ncia-COVID19.pdf\" target=\"_blank\" rel=\"noopener\">Plan de Contingencia COVID19<\/a><\/li>\n<li><a href=\"http:\/\/www.comforsa.com\/wp-content\/uploads\/2020\/07\/202006Pla-Operatiu-COVID19.pdf\" target=\"_blank\" rel=\"noopener\">Plan Operativo COVID19<\/a><\/li>\n<\/ul>\n<\/li>\n<\/ul>\n<ul>\n<li>Formaci\u00f3n e informaci\u00f3n a las personas trabajadoras.\n<ul>\n<li style=\"text-align: left;\"><a href=\"https:\/\/drive.google.com\/file\/d\/1WvoFGsAyk1t1MXqylSavn_gKmOzUA9WM\/view\" target=\"_blank\" rel=\"noopener\">Instrucciones de seguridad y procedimientos<\/a><\/li>\n<li style=\"text-align: left;\"><a href=\"https:\/\/vimeo.com\/437056885\" target=\"_blank\" rel=\"noopener\">V\u00eddeo informativo<\/a><\/li>\n<\/ul>\n<\/li>\n<\/ul>\n<p>Todo este trabajo ha permitido que LGAI Technological Center, S.A. haya certificado que en Comforsa el Plan de Actuaci\u00f3n cumple los requisitos del referencial de Higiene y Control d&#8217;Applus Certification PHC Ed 1, y tambi\u00e9n que se ha implantado el \u00ab<a href=\"http:\/\/www.comforsa.com\/wp-content\/uploads\/2020\/07\/PHC-18-2020-COMERCIAL-DE-LA-FORJA-Quiron.pdf\" target=\"_blank\" rel=\"noopener\">Protocolo Seguro COVID-19 By Quir\u00f3n<\/a>\u00ab. As\u00ed, finalmente <strong>la empresa ha obtenido 4 <a href=\"http:\/\/www.comforsa.com\/wp-content\/uploads\/2020\/07\/PHC-18-2020-COMERCIAL-DE-LA-FORJA.pdf\">certificaciones APPLUS<\/a><\/strong> como reconocimiento a las buenas pr\u00e1cticas, <strong>adem\u00e1s del <a href=\"http:\/\/www.comforsa.com\/wp-content\/uploads\/2020\/07\/PHC-18-2020-COMERCIAL-DE-LA-FORJA-Quiron.pdf\">certificado de Quir\u00f3n Prevenci\u00f3n<\/a><\/strong>:<\/p>\n<p><a href=\"http:\/\/www.comforsa.com\/wp-content\/uploads\/2020\/07\/PHC-18-2020-COMERCIAL-DE-LA-FORJA-cat.pdf\" target=\"_blank\" rel=\"noopener noreferrer\"><img loading=\"lazy\" decoding=\"async\" class=\"alignleft size-medium wp-image-3477\" src=\"http:\/\/www.comforsa.com\/wp-content\/uploads\/2020\/07\/HC_CAT_CL_CMYK-172x300.png\" alt=\"\" width=\"110\" height=\"198\" \/><\/a><a href=\"http:\/\/www.comforsa.com\/wp-content\/uploads\/2020\/07\/PHC-18-2020-COMERCIAL-DE-LA-FORJA.pdf\" target=\"_blank\" rel=\"noopener noreferrer\"><img loading=\"lazy\" decoding=\"async\" class=\"wp-image-3485 alignleft size-medium\" src=\"http:\/\/www.comforsa.com\/wp-content\/uploads\/2020\/07\/HC_SPA_CL_CMYK-172x300.png\" alt=\"\" width=\"111\" height=\"199\" \/><\/a><a href=\"http:\/\/www.comforsa.com\/wp-content\/uploads\/2020\/07\/PHC-18-2020-COMERCIAL-DE-LA-FORJA-eng.pdf\" target=\"_blank\" rel=\"noopener noreferrer\"><img loading=\"lazy\" decoding=\"async\" class=\"wp-image-3481 alignleft size-medium\" src=\"http:\/\/www.comforsa.com\/wp-content\/uploads\/2020\/07\/HC_ENG_CL_CMYK-172x300.png\" alt=\"\" width=\"112\" height=\"194\" \/><\/a><a href=\"http:\/\/www.comforsa.com\/wp-content\/uploads\/2020\/07\/PHC-18-2020-COMERCIAL-DE-LA-FORJA-Quiron.pdf\" target=\"_blank\" rel=\"noopener noreferrer\"><img loading=\"lazy\" decoding=\"async\" class=\"wp-image-3473 alignleft size-medium\" src=\"http:\/\/www.comforsa.com\/wp-content\/uploads\/2020\/07\/Etiqueta_Quir\u00f3n_Byquir\u00f3n-300x187.jpg\" alt=\"\" width=\"254\" height=\"174\" \/><\/a><\/p>\n<p>&nbsp;<\/p>\n<p>[\/et_pb_text][\/et_pb_column][\/et_pb_row][\/et_pb_section][et_pb_section fb_built=\u00bb1&#8243; _builder_version=\u00bb3.5.1&#8243; background_color=\u00bbrgba(255,255,255,0.22)\u00bb custom_padding=\u00bb8px|0px|0|0px|false|false\u00bb][et_pb_row custom_padding=\u00bb25.0521px|0px|21px|0px|false|false\u00bb _builder_version=\u00bb3.5.1&#8243;][et_pb_column type=\u00bb4_4&#8243; _builder_version=\u00bb3.0.47&#8243; parallax=\u00bboff\u00bb parallax_method=\u00bbon\u00bb][et_pb_text _builder_version=\u00bb3.5.1&#8243;]<\/p>\n<h1 style=\"text-align: center;\">Et pot interessar<\/h1>\n<p>[\/et_pb_text][\/et_pb_column][\/et_pb_row][et_pb_row make_fullwidth=\u00bbon\u00bb use_custom_gutter=\u00bbon\u00bb custom_padding=\u00bb150px|0px|150px|0px|false|false\u00bb make_equal=\u00bbon\u00bb custom_padding_last_edited=\u00bbon|phone\u00bb bg_img_2=\u00bbhttp:\/\/www.comforsa.com\/wp-content\/uploads\/2018\/06\/espresso.jpg\u00bb background_repeat_1=\u00bbno-repeat\u00bb padding_top_2=\u00bb100px\u00bb padding_bottom_2=\u00bb100px\u00bb padding_1_last_edited=\u00bboff|desktop\u00bb module_class=\u00bbvideo\u00bb _builder_version=\u00bb3.5.1&#8243; background_image=\u00bbhttp:\/\/www.comforsa.com\/wp-content\/uploads\/2018\/11\/VideoCorporativo.jpg\u00bb custom_css_main_element=\u00bbcursor:pointer;\u00bb][et_pb_column type=\u00bb4_4&#8243; _builder_version=\u00bb3.0.47&#8243; padding_last_edited=\u00bboff|desktop\u00bb parallax=\u00bboff\u00bb parallax_method=\u00bbon\u00bb background_repeat=\u00bbno-repeat\u00bb][et_pb_text _builder_version=\u00bb3.5.1&#8243; text_font=\u00bb||||||||\u00bb text_text_color=\u00bb#ffffff\u00bb header_font=\u00bbWork Sans|300|||||||\u00bb header_text_color=\u00bb#ffffff\u00bb header_font_size=\u00bb48px\u00bb text_orientation=\u00bbcenter\u00bb background_layout=\u00bbdark\u00bb max_width=\u00bb74%\u00bb max_width_tablet=\u00bb74%\u00bb max_width_phone=\u00bb74%\u00bb max_width_last_edited=\u00bbon|phone\u00bb module_alignment=\u00bbcenter\u00bb custom_padding=\u00bb|||\u00bb] <span style=\"text-align: center; background-color: rgba(0,0,0,0.7); display: inline-block; padding: 20px 40px; font-size: 48px; font-weight: 300; line-height: 1;\">Video corporatiu<\/span><br \/>\n[\/et_pb_text][\/et_pb_column][\/et_pb_row][\/et_pb_section]<\/p>\n","protected":false},"excerpt":{"rendered":"<p>&nbsp; M\u00e1s informaci\u00f3n COVID-19 Durante todo el tiempo de la pandemia, desde Comforsa ha estado trabajando para la seguridad de todas las personas trabajadoras de la empresa y, con este objetivo, se han llevado a cabo diferentes acciones, desde elaborar un Plan de contingencia, hasta facilitar informaci\u00f3n y formaci\u00f3n al respecto. A continuaci\u00f3n, se detalla [&hellip;]<\/p>\n","protected":false},"author":1,"featured_media":0,"parent":0,"menu_order":0,"comment_status":"closed","ping_status":"closed","template":"","meta":{"_et_pb_use_builder":"on","_et_pb_old_content":"","_et_gb_content_width":"","footnotes":""},"class_list":["post-3528","page","type-page","status-publish","hentry"],"_links":{"self":[{"href":"https:\/\/www.comforsa.com\/es\/wp-json\/wp\/v2\/pages\/3528","targetHints":{"allow":["GET"]}}],"collection":[{"href":"https:\/\/www.comforsa.com\/es\/wp-json\/wp\/v2\/pages"}],"about":[{"href":"https:\/\/www.comforsa.com\/es\/wp-json\/wp\/v2\/types\/page"}],"author":[{"embeddable":true,"href":"https:\/\/www.comforsa.com\/es\/wp-json\/wp\/v2\/users\/1"}],"replies":[{"embeddable":true,"href":"https:\/\/www.comforsa.com\/es\/wp-json\/wp\/v2\/comments?post=3528"}],"version-history":[{"count":8,"href":"https:\/\/www.comforsa.com\/es\/wp-json\/wp\/v2\/pages\/3528\/revisions"}],"predecessor-version":[{"id":3624,"href":"https:\/\/www.comforsa.com\/es\/wp-json\/wp\/v2\/pages\/3528\/revisions\/3624"}],"wp:attachment":[{"href":"https:\/\/www.comforsa.com\/es\/wp-json\/wp\/v2\/media?parent=3528"}],"curies":[{"name":"wp","href":"https:\/\/api.w.org\/{rel}","templated":true}]}}