{"id":4629,"date":"2023-05-10T12:42:22","date_gmt":"2023-05-10T12:42:22","guid":{"rendered":"http:\/\/www.comforsa.com\/rsc-i-entorn-intus\/"},"modified":"2024-01-31T17:37:11","modified_gmt":"2024-01-31T16:37:11","slug":"rsc-i-entorn-2","status":"publish","type":"page","link":"https:\/\/www.comforsa.com\/es\/rsc-i-entorn-2\/","title":{"rendered":"RSC y Entorno"},"content":{"rendered":"<p>[et_pb_section fb_built=\u00bb1&#8243; custom_padding_last_edited=\u00bbon|phone\u00bb _builder_version=\u00bb4.16&#8243; background_image=\u00bbhttps:\/\/www.comforsa.com\/wp-content\/uploads\/2020\/10\/RSC-ok.jpg\u00bb custom_padding=\u00bb111px|0px|227px|0px|false|false\u00bb custom_padding_tablet=\u00bb\u00bb custom_padding_phone=\u00bb50px||120px|\u00bb global_colors_info=\u00bb{}\u00bb][et_pb_row _builder_version=\u00bb4.16&#8243; background_size=\u00bbinitial\u00bb background_position=\u00bbtop_left\u00bb background_repeat=\u00bbrepeat\u00bb max_width=\u00bb512px\u00bb module_alignment=\u00bbcenter\u00bb custom_margin=\u00bb|||\u00bb use_custom_width=\u00bbon\u00bb custom_width_px=\u00bb512px\u00bb global_colors_info=\u00bb{}\u00bb][et_pb_column type=\u00bb4_4&#8243; _builder_version=\u00bb4.16&#8243; custom_padding=\u00bb|||\u00bb global_colors_info=\u00bb{}\u00bb custom_padding__hover=\u00bb|||\u00bb][et_pb_text _builder_version=\u00bb4.16&#8243; text_line_height=\u00bb1.2em\u00bb header_font=\u00bbWork Sans|300|||||||\u00bb header_font_size=\u00bb48px\u00bb background_color=\u00bb#ffffff\u00bb max_width=\u00bb96%\u00bb custom_margin=\u00bb|||\u00bb custom_padding=\u00bb5%|5%||5%\u00bb header_font_size_tablet=\u00bb\u00bb header_font_size_phone=\u00bb34px\u00bb header_font_size_last_edited=\u00bbon|phone\u00bb border_radii=\u00bb||||\u00bb global_colors_info=\u00bb{}\u00bb]<\/p>\n<h1 style=\"text-align: center;\">Responsabilidad Social Corporativa<\/h1>\n<p>[\/et_pb_text][\/et_pb_column][\/et_pb_row][\/et_pb_section][et_pb_section fb_built=\u00bb1&#8243; custom_padding_last_edited=\u00bbon|tablet\u00bb _builder_version=\u00bb4.16&#8243; custom_padding=\u00bb39px|0px|38px|0px|false|false\u00bb custom_padding_tablet=\u00bb50px||50px|\u00bb custom_padding_phone=\u00bb15px||15px|\u00bb global_colors_info=\u00bb{}\u00bb][et_pb_row _builder_version=\u00bb4.16&#8243; background_size=\u00bbinitial\u00bb background_position=\u00bbtop_left\u00bb background_repeat=\u00bbrepeat\u00bb custom_padding=\u00bb24px|0px|34px|0px|false|false\u00bb animation_style=\u00bbfade\u00bb animation_direction=\u00bbright\u00bb animation_speed_curve=\u00bbease-in\u00bb global_colors_info=\u00bb{}\u00bb][et_pb_column type=\u00bb4_4&#8243; _builder_version=\u00bb4.16&#8243; custom_padding=\u00bb|45px||45px\u00bb global_colors_info=\u00bb{}\u00bb custom_padding__hover=\u00bb|||\u00bb][et_pb_text _builder_version=\u00bb4.16&#8243; text_line_height=\u00bb1.3em\u00bb custom_padding_tablet=\u00bb||20px|\u00bb custom_padding_phone=\u00bb\u00bb custom_padding_last_edited=\u00bbon|tablet\u00bb global_colors_info=\u00bb{}\u00bb]<\/p>\n<p style=\"text-align: center;\"><span class=\"rsctitol\">Comforsa se compromete plenamente a potenciar su comunidad y preservar el medio ambiente<\/span><\/p>\n<p class=\"rsctext\" style=\"text-align: center;\">La Responsabilidad social corporativa (RSC) es un modelo innovador de gesti\u00f3n de Comforsa que consiste en la integraci\u00f3n voluntaria de criterios responsables en el \u00e1mbito econ\u00f3mico, social y ambiental, para el desarrollo de su actividad m\u00e1s all\u00e1 de lo que establece la legislaci\u00f3n vigente.<\/p>\n<p>[\/et_pb_text][\/et_pb_column][\/et_pb_row][\/et_pb_section][et_pb_section fb_built=\u00bb1&#8243; _builder_version=\u00bb4.16&#8243; background_image=\u00bbhttps:\/\/www.comforsa.com\/wp-content\/uploads\/2018\/10\/rsc1fons1.jpg\u00bb custom_padding=\u00bb200px|0px|48px|0px|false|false\u00bb global_colors_info=\u00bb{}\u00bb][et_pb_row custom_padding_last_edited=\u00bbon|phone\u00bb _builder_version=\u00bb4.16&#8243; background_color=\u00bb#ffffff\u00bb custom_padding=\u00bb40px|40px|40px|40px\u00bb custom_padding_tablet=\u00bb\u00bb custom_padding_phone=\u00bb30px|15px|30px|15px\u00bb global_colors_info=\u00bb{}\u00bb][et_pb_column type=\u00bb4_4&#8243; _builder_version=\u00bb4.16&#8243; custom_padding=\u00bb|||\u00bb global_colors_info=\u00bb{}\u00bb custom_padding__hover=\u00bb|||\u00bb][et_pb_text _builder_version=\u00bb4.16&#8243; global_colors_info=\u00bb{}\u00bb]<\/p>\n<div class=\"small-column\">\n<div class=\"small-column-inner\"><center><img decoding=\"async\" src=\"https:\/\/www.comforsa.com\/wp-content\/uploads\/2018\/06\/RSC1.png\" alt=\"\" \/><\/center><\/div>\n<\/div>\n<div class=\"big-column\">\n<div class=\"big-column-inner\">\n<p><span class=\"rsctitol\">Formaci\u00f3n e Integraci\u00f3n social<\/span><\/p>\n<p class=\"rsctext\">Uno de los objetivos principales de la pol\u00edtica de la responsabilidad corporativa de Comforsa es la extensi\u00f3n de los principios y las pr\u00e1cticas responsables en el s\u00ed de la sociedad, por tal de avanzar conjuntamente hacia el progreso en materia social y medioambiental. Comforsa, extremadamente alineada con la filosof\u00eda de la Formaci\u00f3n Dual (Centro de Formaci\u00f3n y Empresa), colabora en materia educativa con centros de Formaci\u00f3n Profesional de la comarca con el objetivo de ayudar a la inserci\u00f3n en el mundo laboral de los estudiantes y futuros t\u00e9cnicos y operarios cualificados de nuestra industria.<\/p>\n<\/div>\n<\/div>\n<p>[\/et_pb_text][\/et_pb_column][\/et_pb_row][\/et_pb_section][et_pb_section fb_built=\u00bb1&#8243; _builder_version=\u00bb4.16&#8243; background_image=\u00bbhttps:\/\/www.comforsa.com\/wp-content\/uploads\/2018\/10\/rsc2fons1.jpg\u00bb custom_padding=\u00bb259px|0px|48px|0px|false|false\u00bb global_colors_info=\u00bb{}\u00bb][et_pb_row _builder_version=\u00bb4.16&#8243; background_color=\u00bb#ffffff\u00bb custom_padding=\u00bb40px|40px|40px|40px\u00bb global_colors_info=\u00bb{}\u00bb][et_pb_column type=\u00bb4_4&#8243; _builder_version=\u00bb4.16&#8243; custom_padding=\u00bb|||\u00bb global_colors_info=\u00bb{}\u00bb custom_padding__hover=\u00bb|||\u00bb][et_pb_text _builder_version=\u00bb4.16&#8243; global_colors_info=\u00bb{}\u00bb]<\/p>\n<div class=\"small-column\">\n<div class=\"small-column-inner\"><center><img loading=\"lazy\" decoding=\"async\" class=\"wp-image-377 alignnone size-full\" src=\"https:\/\/www.comforsa.com\/wp-content\/uploads\/2018\/06\/RSC2.png\" alt=\"\" width=\"142\" height=\"142\" \/><\/center><\/div>\n<\/div>\n<div class=\"big-column\">\n<div class=\"big-column-inner\">\n<p><span class=\"rsctitol\">Igualdad y C\u00f3digo \u00c9tico<\/span><\/p>\n<p class=\"rsctext\">Comforsa dispone de un\u00a0<a href=\"https:\/\/www.comforsa.com\/wp-content\/uploads\/2018\/11\/codi-etic.pdf\" target=\"_blank\" rel=\"noopener\">C\u00f3digo de Conducta<\/a>, un\u00a0<a href=\"https:\/\/www.comforsa.com\/wp-content\/uploads\/2023\/04\/Pla-igualtat-signat-sense-annex-2023.pdf\">Plan de Igualdad<\/a>\u00a0y de un <a href=\"https:\/\/www.comforsa.com\/wp-content\/uploads\/2023\/05\/06_Protocol-Assetjament-signat.pdf\">Plan de acoso sexual\u00a0<\/a> que resumen las diversas pol\u00edticas y pr\u00e1cticas que est\u00e1n vigente en la compa\u00f1\u00eda relacionadas con el comportamiento de las personas y de la empresa. As\u00ed, se establecen las normas de comportamiento responsable y de obligaci\u00f3n de respetar la igualdad de trato y de oportunidades en el \u00e1mbito laboral y evitar cualquier tipo de discriminaci\u00f3n laboral entre mujeres y hombres.<\/p>\n<\/div>\n<\/div>\n<p>[\/et_pb_text][\/et_pb_column][\/et_pb_row][\/et_pb_section][et_pb_section fb_built=\u00bb1&#8243; _builder_version=\u00bb4.23.1&#8243; background_image=\u00bbhttps:\/\/www.comforsa.com\/wp-content\/uploads\/2023\/11\/img-bustia-etica.jpg\u00bb custom_padding=\u00bb259px|0px|48px|0px|false|false\u00bb global_colors_info=\u00bb{}\u00bb][et_pb_row _builder_version=\u00bb4.16&#8243; background_color=\u00bb#ffffff\u00bb custom_padding=\u00bb40px|40px|40px|40px\u00bb global_colors_info=\u00bb{}\u00bb][et_pb_column type=\u00bb4_4&#8243; _builder_version=\u00bb4.16&#8243; custom_padding=\u00bb|||\u00bb global_colors_info=\u00bb{}\u00bb custom_padding__hover=\u00bb|||\u00bb][et_pb_text _builder_version=\u00bb4.23.1&#8243; hover_enabled=\u00bb0&#8243; global_colors_info=\u00bb{}\u00bb sticky_enabled=\u00bb0&#8243;]<\/p>\n<div class=\"small-column\">\n<div class=\"small-column-inner\"><center><img loading=\"lazy\" decoding=\"async\" class=\"wp-image-377 alignnone size-full\" src=\"https:\/\/www.comforsa.com\/wp-content\/uploads\/2023\/11\/bustia-etica.png\" alt=\"\" width=\"142\" height=\"142\" \/><\/center><\/div>\n<\/div>\n<div class=\"big-column\">\n<div class=\"big-column-inner\">\n<p><span class=\"rsctitol\">Buz\u00f3n \u00c9tico<\/span><\/p>\n<p class=\"rsctext\">En cumplimiento de la Ley 2\/2023, de 20 de febrero, por la que se exige que todas las entidades del sector p\u00fablico deben disponer de un Sistema Interno de Informaci\u00f3n.<\/p>\n<p class=\"rsctext\">Para formular consultas de car\u00e1cter \u00e9tico y para comunicar hechos, conductas o actos contrarios al C\u00f3digo \u00c9tico oa la Ley, pulse el siguiente enlace:<br \/><a href=\"https:\/\/comforsa.woffu.com\/v2\/complaints\/new\" target=\"_blank\" rel=\"noopener\">https:\/\/comforsa.woffu.com\/v2\/complaints\/new<\/a><\/p>\n<p class=\"rsctext\">Este sistema es un canal seguro que garantiza la confidencialidad y el anonimato de las comunicaciones y est\u00e1 a disposici\u00f3n de todos los miembros de COMFORSA, proveedores, colaboradoras o patrocinadores. Su principal objetivo es la investigaci\u00f3n de toda actuaci\u00f3n irregular y mejorar la integridad de los servicios que presta COMFORSA\u201d.<\/p>\n<\/div>\n<\/div>\n<p>[\/et_pb_text][\/et_pb_column][\/et_pb_row][\/et_pb_section][et_pb_section fb_built=\u00bb1&#8243; _builder_version=\u00bb4.16&#8243; background_image=\u00bbhttps:\/\/www.comforsa.com\/wp-content\/uploads\/2018\/10\/rsc3fons1.jpg\u00bb custom_padding=\u00bb200px|0px|48px|0px|false|false\u00bb global_colors_info=\u00bb{}\u00bb][et_pb_row _builder_version=\u00bb4.16&#8243; background_color=\u00bb#ffffff\u00bb custom_padding=\u00bb40px|40px|40px|40px\u00bb global_colors_info=\u00bb{}\u00bb][et_pb_column type=\u00bb4_4&#8243; _builder_version=\u00bb4.16&#8243; custom_padding=\u00bb|||\u00bb global_colors_info=\u00bb{}\u00bb custom_padding__hover=\u00bb|||\u00bb][et_pb_text _builder_version=\u00bb4.16&#8243; global_colors_info=\u00bb{}\u00bb]<\/p>\n<div class=\"small-column\">\n<div class=\"small-column-inner\"><center><img loading=\"lazy\" decoding=\"async\" class=\"wp-image-378 alignnone size-full\" src=\"https:\/\/www.comforsa.com\/wp-content\/uploads\/2018\/06\/RSC3.png\" alt=\"\" width=\"142\" height=\"142\" \/><\/center><\/div>\n<\/div>\n<div class=\"big-column\">\n<div class=\"big-column-inner\">\n<p><span class=\"rsctitol\">Responsabilidad Ambiental<\/span><\/p>\n<p class=\"rsctext\">Comforsa est\u00e1 comprometida con el respeto hacia el entorno natural, un compromiso que se concreta en el consumo de energ\u00eda el\u00e9ctrica procedente en su totalidad de fuentes renovables y en un sistema de gesti\u00f3n medioambiental integrado en su actividad de producci\u00f3n. Se fomenta un consumo responsable de recursos: tanto de materiales, como energ\u00eda y agua, con tal de preservar nuestro entorno natural como fuente de biodiversidad, de bienestar y de riqueza social y econ\u00f3mica de la comarca del Ripoll\u00e9s.<\/p>\n<\/div>\n<\/div>\n<p>[\/et_pb_text][\/et_pb_column][\/et_pb_row][\/et_pb_section][et_pb_section fb_built=\u00bb1&#8243; _builder_version=\u00bb4.16&#8243; background_image=\u00bbhttps:\/\/www.comforsa.com\/wp-content\/uploads\/2018\/10\/rsc4fons1.jpg\u00bb custom_padding=\u00bb487px|0px|42px|0px|false|false\u00bb global_colors_info=\u00bb{}\u00bb][\/et_pb_section][et_pb_section fb_built=\u00bb1&#8243; _builder_version=\u00bb4.16&#8243; custom_padding=\u00bb45.0625px|0px|28px|0px|false|false\u00bb global_colors_info=\u00bb{}\u00bb][et_pb_row _builder_version=\u00bb4.16&#8243; background_color=\u00bb#ffffff\u00bb custom_padding=\u00bb31px|36px|0|0|false|false\u00bb global_colors_info=\u00bb{}\u00bb][et_pb_column type=\u00bb4_4&#8243; _builder_version=\u00bb4.16&#8243; custom_padding=\u00bb|5%||5%\u00bb global_colors_info=\u00bb{}\u00bb custom_padding__hover=\u00bb|||\u00bb][et_pb_text _builder_version=\u00bb4.16&#8243; background_color=\u00bb#ffffff\u00bb custom_margin=\u00bb-200px|||\u00bb custom_padding=\u00bb20px|50px|20px|50px\u00bb custom_padding_tablet=\u00bb\u00bb custom_padding_phone=\u00bb|10px||10px\u00bb custom_padding_last_edited=\u00bbon|tablet\u00bb global_colors_info=\u00bb{}\u00bb]<\/p>\n<h1 style=\"text-align: center;\">Entorno<\/h1>\n<p class=\"rsctext\" style=\"text-align: center;\">Comforsa dispone de cuatro centros productivos, todos ellos en el Ripoll\u00e9s, una comarca muy vinculada tradicionalmente con la actividad de la forja, con un importante impacto en el tejido econ\u00f3mico y social. La empresa, situada concretamente en las localidades de Campdev\u00e1nol y de Ripoll, tiene una relaci\u00f3n muy estrecha con su entorno desarrollando un modelo empresarial de proximidad tanto con proveedores como con colaboradores.<\/p>\n<p>[\/et_pb_text][\/et_pb_column][\/et_pb_row][\/et_pb_section][et_pb_section fb_built=\u00bb1&#8243; _builder_version=\u00bb4.16&#8243; background_image=\u00bbhttps:\/\/www.comforsa.com\/wp-content\/uploads\/2020\/03\/nau.png\u00bb custom_padding=\u00bb200px|0px|48px|0px|false|false\u00bb global_colors_info=\u00bb{}\u00bb][et_pb_row _builder_version=\u00bb4.16&#8243; background_color=\u00bb#ffffff\u00bb custom_padding=\u00bb40px|40px|0|40px|false|false\u00bb global_colors_info=\u00bb{}\u00bb][et_pb_column type=\u00bb4_4&#8243; _builder_version=\u00bb4.16&#8243; custom_padding=\u00bb|||\u00bb global_colors_info=\u00bb{}\u00bb custom_padding__hover=\u00bb|||\u00bb][et_pb_text _builder_version=\u00bb4.16&#8243; global_colors_info=\u00bb{}\u00bb]<\/p>\n<h1 style=\"text-align: center;\">Informaci\u00f3n Corporativa<\/h1>\n<p>[\/et_pb_text][\/et_pb_column][\/et_pb_row][et_pb_row column_structure=\u00bb1_3,1_3,1_3&#8243; _builder_version=\u00bb4.16&#8243; background_color=\u00bb#ffffff\u00bb custom_padding=\u00bb26px|40px|16px|40px|false|false\u00bb global_colors_info=\u00bb{}\u00bb][et_pb_column type=\u00bb1_3&#8243; _builder_version=\u00bb4.16&#8243; custom_padding=\u00bb|||\u00bb global_colors_info=\u00bb{}\u00bb custom_padding__hover=\u00bb|||\u00bb][et_pb_text _builder_version=\u00bb4.16&#8243; global_colors_info=\u00bb{}\u00bb]<\/p>\n<p style=\"text-align: center;\"><img loading=\"lazy\" decoding=\"async\" class=\"wp-image-377 alignnone size-full\" src=\"https:\/\/www.comforsa.com\/wp-content\/uploads\/2020\/10\/info-estatus.png\" alt=\"\" width=\"142\" height=\"142\" \/><\/p>\n<p style=\"text-align: center;\"><a class=\"boto-descarregarsm\" style=\"margin-left: 45px;\" href=\"https:\/\/www.comforsa.com\/wp-content\/uploads\/2020\/02\/ESTATUTS-SOCIALS-COMERCIAL-DE-LA-FORJA.pdf\" target=\"_blank\" rel=\"noopener\">Estatutos sociales<\/a><\/p>\n<p>[\/et_pb_text][\/et_pb_column][et_pb_column type=\u00bb1_3&#8243; _builder_version=\u00bb4.16&#8243; custom_padding=\u00bb|||\u00bb global_colors_info=\u00bb{}\u00bb custom_padding__hover=\u00bb|||\u00bb][et_pb_text _builder_version=\u00bb4.16&#8243; global_colors_info=\u00bb{}\u00bb]<\/p>\n<p style=\"text-align: center;\"><img loading=\"lazy\" decoding=\"async\" class=\"wp-image-377 alignnone size-full\" src=\"https:\/\/www.comforsa.com\/wp-content\/uploads\/2020\/10\/info-instruccions.png\" alt=\"\" width=\"142\" height=\"142\" \/><\/p>\n<p style=\"text-align: center;\"><a class=\"boto-descarregarsm\" style=\"margin-left: 45px;\" href=\"https:\/\/www.comforsa.com\/wp-content\/uploads\/2020\/02\/ESTATUTS-SOCIALS-COMERCIAL-DE-LA-FORJA.pdf\" target=\"_blank\" rel=\"noopener\">Instrucciones de contractaci\u00f3n<\/a><\/p>\n<p>[\/et_pb_text][\/et_pb_column][et_pb_column type=\u00bb1_3&#8243; _builder_version=\u00bb4.16&#8243; custom_padding=\u00bb|||\u00bb global_colors_info=\u00bb{}\u00bb custom_padding__hover=\u00bb|||\u00bb][et_pb_text _builder_version=\u00bb4.16&#8243; global_colors_info=\u00bb{}\u00bb]<\/p>\n<p style=\"text-align: center;\"><img loading=\"lazy\" decoding=\"async\" class=\"wp-image-377 alignnone size-full\" src=\"https:\/\/www.comforsa.com\/wp-content\/uploads\/2020\/10\/info-activitat.png\" alt=\"\" width=\"142\" height=\"142\" \/><\/p>\n<p style=\"text-align: center;\"><a class=\"boto-link\" style=\"margin-left: 45px;\" href=\"https:\/\/www.comforsa.com\/activitat-contractual\/\" target=\"_blank\" rel=\"noopener\">Actividad contractual<\/a><\/p>\n<p>[\/et_pb_text][\/et_pb_column][\/et_pb_row][\/et_pb_section][et_pb_section fb_built=\u00bb1&#8243; custom_padding_last_edited=\u00bbon|phone\u00bb _builder_version=\u00bb4.16&#8243; background_color=\u00bbrgba(255,255,255,0.22)\u00bb custom_padding=\u00bb50.1042px|0px|0|0px|false|false\u00bb custom_padding_tablet=\u00bb\u00bb custom_padding_phone=\u00bb5px|||\u00bb global_colors_info=\u00bb{}\u00bb][et_pb_row _builder_version=\u00bb4.16&#8243; custom_padding=\u00bb25.0521px|0px|21px|0px|false|false\u00bb global_colors_info=\u00bb{}\u00bb][et_pb_column type=\u00bb4_4&#8243; _builder_version=\u00bb4.16&#8243; custom_padding=\u00bb|||\u00bb global_colors_info=\u00bb{}\u00bb custom_padding__hover=\u00bb|||\u00bb][et_pb_text _builder_version=\u00bb4.16&#8243; global_colors_info=\u00bb{}\u00bb]<\/p>\n<h1 style=\"text-align: center;\">Te puede interesar<\/h1>\n<p>[\/et_pb_text][\/et_pb_column][\/et_pb_row][et_pb_row use_custom_gutter=\u00bbon\u00bb make_equal=\u00bbon\u00bb custom_padding_last_edited=\u00bbon|phone\u00bb module_class=\u00bbquediem et_pb_row_fullwidth\u00bb _builder_version=\u00bb4.16&#8243; background_image=\u00bbhttps:\/\/www.comforsa.com\/wp-content\/uploads\/2018\/07\/footer-QueDiem.jpg\u00bb width=\u00bb89%\u00bb width_tablet=\u00bb80%\u00bb width_phone=\u00bb80%\u00bb width_last_edited=\u00bbon|desktop\u00bb max_width=\u00bb89%\u00bb max_width_tablet=\u00bb80%\u00bb max_width_phone=\u00bb80%\u00bb max_width_last_edited=\u00bbon|desktop\u00bb custom_padding=\u00bb150px|0px|150px|0px|false|false\u00bb custom_padding_tablet=\u00bb\u00bb custom_padding_phone=\u00bb\u00bb custom_css_main_element=\u00bbcursor: pointer;\u00bb make_fullwidth=\u00bbon\u00bb global_colors_info=\u00bb{}\u00bb][et_pb_column type=\u00bb4_4&#8243; _builder_version=\u00bb4.16&#8243; custom_padding=\u00bb|||\u00bb custom_padding_last_edited=\u00bboff|desktop\u00bb global_colors_info=\u00bb{}\u00bb custom_padding__hover=\u00bb|||\u00bb][et_pb_text _builder_version=\u00bb4.16&#8243; text_text_color=\u00bb#ffffff\u00bb header_font=\u00bbWork Sans|300|||||||\u00bb header_text_color=\u00bb#ffffff\u00bb header_font_size=\u00bb48px\u00bb text_orientation=\u00bbcenter\u00bb background_layout=\u00bbdark\u00bb max_width=\u00bb74%\u00bb module_alignment=\u00bbcenter\u00bb custom_padding=\u00bb|||\u00bb global_colors_info=\u00bb{}\u00bb]<span style=\"text-align: center; background-color: rgba(0,0,0,0.7); display: inline-block; padding: 20px 40px; font-size: 48px; font-weight: 300; line-height: 1;\"><a href=\"https:\/\/www.comforsa.com\/es\/que-decimos\/\">\u00bfQu\u00e9 decimos?<\/a><\/span><br \/>\n[\/et_pb_text][\/et_pb_column][\/et_pb_row][\/et_pb_section]<\/p>\n","protected":false},"excerpt":{"rendered":"<p>Responsabilidad Social Corporativa Comforsa se compromete plenamente a potenciar su comunidad y preservar el medio ambiente La Responsabilidad social corporativa (RSC) es un modelo innovador de gesti\u00f3n de Comforsa que consiste en la integraci\u00f3n voluntaria de criterios responsables en el \u00e1mbito econ\u00f3mico, social y ambiental, para el desarrollo de su actividad m\u00e1s all\u00e1 de lo [&hellip;]<\/p>\n","protected":false},"author":1,"featured_media":0,"parent":0,"menu_order":0,"comment_status":"closed","ping_status":"closed","template":"","meta":{"_et_pb_use_builder":"on","_et_pb_old_content":"","_et_gb_content_width":"","footnotes":""},"class_list":["post-4629","page","type-page","status-publish","hentry"],"_links":{"self":[{"href":"https:\/\/www.comforsa.com\/es\/wp-json\/wp\/v2\/pages\/4629","targetHints":{"allow":["GET"]}}],"collection":[{"href":"https:\/\/www.comforsa.com\/es\/wp-json\/wp\/v2\/pages"}],"about":[{"href":"https:\/\/www.comforsa.com\/es\/wp-json\/wp\/v2\/types\/page"}],"author":[{"embeddable":true,"href":"https:\/\/www.comforsa.com\/es\/wp-json\/wp\/v2\/users\/1"}],"replies":[{"embeddable":true,"href":"https:\/\/www.comforsa.com\/es\/wp-json\/wp\/v2\/comments?post=4629"}],"version-history":[{"count":12,"href":"https:\/\/www.comforsa.com\/es\/wp-json\/wp\/v2\/pages\/4629\/revisions"}],"predecessor-version":[{"id":5202,"href":"https:\/\/www.comforsa.com\/es\/wp-json\/wp\/v2\/pages\/4629\/revisions\/5202"}],"wp:attachment":[{"href":"https:\/\/www.comforsa.com\/es\/wp-json\/wp\/v2\/media?parent=4629"}],"curies":[{"name":"wp","href":"https:\/\/api.w.org\/{rel}","templated":true}]}}